{"id":7746,"date":"2018-02-06T13:55:19","date_gmt":"2018-02-06T13:55:19","guid":{"rendered":"https:\/\/www.crestamap.com\/contacto-2\/"},"modified":"2026-03-12T11:41:10","modified_gmt":"2026-03-12T11:41:10","slug":"contacte","status":"publish","type":"page","link":"https:\/\/www.crestamap.com\/ca\/contacte\/","title":{"rendered":"Contacte"},"content":{"rendered":"<div class=\"wpb-content-wrapper\"><p>[vc_row css_animation=&#8221;&#8221; row_type=&#8221;row&#8221; use_row_as_full_screen_section=&#8221;no&#8221; type=&#8221;grid&#8221; angled_section=&#8221;no&#8221; text_align=&#8221;left&#8221; background_image_as_pattern=&#8221;without_pattern&#8221; padding_top=&#8221;116&#8243; padding_bottom=&#8221;59&#8243; z_index=&#8221;&#8221; css=&#8221;.vc_custom_1517927135584{background-color: #ffffff !important;}&#8221;][vc_column offset=&#8221;vc_col-md-6&#8243;][vc_row_inner row_type=&#8221;row&#8221; type=&#8221;full_width&#8221; text_align=&#8221;left&#8221; css_animation=&#8221;&#8221;][vc_column_inner offset=&#8221;vc_col-md-6&#8243;][vc_single_image image=&#8221;7368&#8243; img_size=&#8221;full&#8221; qode_css_animation=&#8221;&#8221;][vc_empty_space height=&#8221;23px&#8221;][vc_column_text]<\/p>\n<h4>Barcelona<\/h4>\n<p>[\/vc_column_text][vc_empty_space height=&#8221;14px&#8221;][vc_column_text css=&#8221;&#8221;]<div class=\"q_icon_list\"><i class=\"qode_icon_font_awesome fa fa-envelope-o qode-ili-icon-holder circle\" style=\"font-size: 12px;color: #ffffff;background-color: #7b2431;border-color:#7b2431;border-style: solid;border-width: 1px;\" ><\/i><p style=\"font-size: 15px;font-weight: 400;margin-bottom: 5px;\">info@crestamap.com<\/p><\/div><div class=\"q_icon_list\"><i class=\"qode_icon_font_awesome fa fa-phone qode-ili-icon-holder circle\" style=\"font-size: 12px;color: #ffffff;background-color: #7b2431;border-color:#7b2431;border-style: solid;border-width: 1px;\" ><\/i><p style=\"color:#979595;font-size: 15px;font-weight: 400;margin-bottom: 5px;\">+ 34 930 095 106<\/p><\/div><div class=\"q_icon_list\"><i class=\"qode_icon_font_awesome fa fa-map-marker qode-ili-icon-holder circle\" style=\"font-size: 12px;color: #ffffff;background-color: #7b2431;border-color:#7b2431;border-style: solid;border-width: 1px;\" ><\/i><p style=\"color:#979595;font-size: 15px;font-weight: 400;margin-bottom: 5px;\">Passeig de Gr\u00e0cia, 59 3r 1a 08007 Barcelona (Spain)<\/p><\/div>[\/vc_column_text][vc_empty_space][\/vc_column_inner][vc_column_inner offset=&#8221;vc_col-md-6 vc_hidden-sm vc_hidden-xs&#8221;][vc_single_image image=&#8221;7371&#8243; img_size=&#8221;full&#8221; qode_css_animation=&#8221;&#8221;][vc_empty_space height=&#8221;23px&#8221;][vc_column_text]<\/p>\n<h4>Madrid<\/h4>\n<p>[\/vc_column_text][vc_empty_space height=&#8221;14px&#8221;][vc_column_text]<div class=\"q_icon_list\"><i class=\"qode_icon_font_awesome fa fa-envelope-o qode-ili-icon-holder circle\" style=\"font-size: 12px;color: #ffffff;background-color: #7b2431;border-color:#7b2431;border-style: solid;border-width: 1px;\" ><\/i><p style=\"font-size: 15px;font-weight: 400;margin-bottom: 5px;\">info@crestamap.com<\/p><\/div><div class=\"q_icon_list\"><i class=\"qode_icon_font_awesome fa fa-phone qode-ili-icon-holder circle\" style=\"font-size: 12px;color: #ffffff;background-color: #7b2431;border-color:#7b2431;border-style: solid;border-width: 1px;\" ><\/i><p style=\"color:#979595;font-size: 15px;font-weight: 400;margin-bottom: 5px;\">+ 34 930 095 106<\/p><\/div><div class=\"q_icon_list\"><i class=\"qode_icon_font_awesome fa fa-map-marker qode-ili-icon-holder circle\" style=\"font-size: 12px;color: #ffffff;background-color: #7b2431;border-color:#7b2431;border-style: solid;border-width: 1px;\" ><\/i><p style=\"color:#979595;font-size: 15px;font-weight: 400;margin-bottom: 5px;\">Jorge Juan, 5 28001 Madrid (Spain)<\/p><\/div>[\/vc_column_text][vc_empty_space][\/vc_column_inner][\/vc_row_inner][vc_row_inner row_type=&#8221;row&#8221; type=&#8221;full_width&#8221; text_align=&#8221;left&#8221; css_animation=&#8221;&#8221;][vc_column_inner width=&#8221;1\/4&#8243;][vc_single_image image=&#8221;8417&#8243; img_size=&#8221;full&#8221; qode_css_animation=&#8221;&#8221;][\/vc_column_inner][vc_column_inner width=&#8221;1\/4&#8243;][vc_single_image image=&#8221;8420&#8243; img_size=&#8221;full&#8221; qode_css_animation=&#8221;&#8221;][\/vc_column_inner][vc_column_inner width=&#8221;1\/4&#8243;][\/vc_column_inner][vc_column_inner width=&#8221;1\/4&#8243;][\/vc_column_inner][\/vc_row_inner][vc_row_inner row_type=&#8221;row&#8221; type=&#8221;full_width&#8221; text_align=&#8221;left&#8221; css_animation=&#8221;&#8221;][vc_column_inner offset=&#8221;vc_col-md-6&#8243;][\/vc_column_inner][vc_column_inner offset=&#8221;vc_hidden-lg vc_col-md-6 vc_hidden-md&#8221;][vc_single_image image=&#8221;7371&#8243; img_size=&#8221;full&#8221; qode_css_animation=&#8221;&#8221;][vc_empty_space height=&#8221;23px&#8221;][vc_column_text]<\/p>\n<h4>Madrid<\/h4>\n<p>[\/vc_column_text][vc_empty_space height=&#8221;14px&#8221;][vc_column_text]<div class=\"q_icon_list\"><i class=\"qode_icon_font_awesome fa fa-envelope-o qode-ili-icon-holder circle\" style=\"font-size: 12px;color: #ffffff;background-color: #7b2431;border-color:#7b2431;border-style: solid;border-width: 1px;\" ><\/i><p style=\"font-size: 15px;font-weight: 400;margin-bottom: 5px;\">info@crestamap.com<\/p><\/div><div class=\"q_icon_list\"><i class=\"qode_icon_font_awesome fa fa-phone qode-ili-icon-holder circle\" style=\"font-size: 12px;color: #ffffff;background-color: #7b2431;border-color:#7b2431;border-style: solid;border-width: 1px;\" ><\/i><p style=\"color:#979595;font-size: 15px;font-weight: 400;margin-bottom: 5px;\">+ 34 930 095 106<\/p><\/div><div class=\"q_icon_list\"><i class=\"qode_icon_font_awesome fa fa-map-marker qode-ili-icon-holder circle\" style=\"font-size: 12px;color: #ffffff;background-color: #7b2431;border-color:#7b2431;border-style: solid;border-width: 1px;\" ><\/i><p style=\"color:#979595;font-size: 15px;font-weight: 400;margin-bottom: 5px;\">Jorge Juan, 5 28001 Madrid (Spain)<\/p><\/div>[\/vc_column_text][vc_empty_space][\/vc_column_inner][\/vc_row_inner][\/vc_column][vc_column offset=&#8221;vc_col-md-6&#8243;][qode_elements_holder number_of_columns=&#8221;one_column&#8221;][qode_elements_holder_item advanced_animations=&#8221;no&#8221; item_padding=&#8221;0 0 0 0&#8243;][vc_separator type=&#8221;transparent&#8221; up=&#8221;-18&#8243;][vc_column_text css=&#8221;&#8221;]<\/p>\n<h1>Contacta&#8217;ns<\/h1>\n<p>[\/vc_column_text][vc_column_text css=&#8221;&#8221;]<\/p>\n<h2>Agenda una trucada gratu\u00efta<\/h2>\n<p>[\/vc_column_text][vc_empty_space height=&#8221;12px&#8221;][vc_column_text]A <strong>CRESTAMAP<\/strong> posem a la vostra disposici\u00f3 un equip d&#8217;experts en el sector per fer realitat els vostres objectius. Pots contactar amb nosaltres a trav\u00e9s de les diferents opcions que t&#8217;oferim a continuaci\u00f3.[\/vc_column_text][\/qode_elements_holder_item][\/qode_elements_holder][vc_empty_space height=&#8221;5px&#8221;][vc_raw_js]JTNDc2NyaXB0JTIwdHlwZSUzRCUyMnRleHQlMkZqYXZhc2NyaXB0JTIyJTIwc3JjJTNEJTIyaHR0cHMlM0ElMkYlMkZhcGkuY2xpZW50aWZ5Lm5ldCUyRndlYi1tYXJrZXRpbmclMkZzdXBlcmZvcm1zJTJGc2NyaXB0JTJGMjc4OTUzLmpzJTIyJTNFJTNDJTJGc2NyaXB0JTNF[\/vc_raw_js][vc_empty_space][\/vc_column][\/vc_row][vc_row css_animation=&#8221;&#8221; row_type=&#8221;row&#8221; use_row_as_full_screen_section=&#8221;no&#8221; type=&#8221;full_width&#8221; angled_section=&#8221;no&#8221; text_align=&#8221;left&#8221; background_image_as_pattern=&#8221;without_pattern&#8221; z_index=&#8221;&#8221;][vc_column][vc_raw_html]PGlmcmFtZSBzcmM9Imh0dHBzOi8vd3d3Lmdvb2dsZS5jb20vbWFwcy9lbWJlZD9wYj0hMW0xOCExbTEyITFtMyExZDI5OTMuMTQyMjk4NDA5MjM4ITJkMi4xNjE0NjMwMTU4NTc0MzMhM2Q0MS4zOTI3MTU5NzkyNjM2ITJtMyExZjAhMmYwITNmMCEzbTIhMWkxMDI0ITJpNzY4ITRmMTMuMSEzbTMhMW0yITFzMHgxMmE0YTI5MmMzMTE2ZWI1JTNBMHg0ZTdiMmM5NzVjYzBiOTljITJzQ1JFU1RBJTIwTUFQJTJDJTIwUy5MLiE1ZTAhM20yITFzZXMhMnNlcyE0djE1ODMzOTgxODA2MTIhNW0yITFzZXMhMnNlcyIgd2lkdGg9IjEwMCUiIGhlaWdodD0iNDUwIiBmcmFtZWJvcmRlcj0iMCIgc3R5bGU9ImJvcmRlcjowOyIgYWxsb3dmdWxsc2NyZWVuPSIiPjwvaWZyYW1lPg==[\/vc_raw_html][\/vc_column][\/vc_row]<\/p>\n<\/div>","protected":false},"excerpt":{"rendered":"<p>[vc_row css_animation=&#8221;&#8221; row_type=&#8221;row&#8221; use_row_as_full_screen_section=&#8221;no&#8221; type=&#8221;grid&#8221; angled_section=&#8221;no&#8221; text_align=&#8221;left&#8221; background_image_as_pattern=&#8221;without_pattern&#8221; padding_top=&#8221;116&#8243; padding_bottom=&#8221;59&#8243; z_index=&#8221;&#8221; css=&#8221;.vc_custom_1517927135584{background-color: #ffffff !important;}&#8221;][vc_column offset=&#8221;vc_col-md-6&#8243;][vc_row_inner row_type=&#8221;row&#8221; type=&#8221;full_width&#8221; text_align=&#8221;left&#8221; css_animation=&#8221;&#8221;][vc_column_inner offset=&#8221;vc_col-md-6&#8243;][vc_single_image image=&#8221;7368&#8243; img_size=&#8221;full&#8221; qode_css_animation=&#8221;&#8221;][vc_empty_space height=&#8221;23px&#8221;][vc_column_text] Barcelona [\/vc_column_text][vc_empty_space height=&#8221;14px&#8221;][vc_column_text css=&#8221;&#8221;][\/vc_column_text][vc_empty_space][\/vc_column_inner][vc_column_inner offset=&#8221;vc_col-md-6 vc_hidden-sm vc_hidden-xs&#8221;][vc_single_image image=&#8221;7371&#8243; img_size=&#8221;full&#8221; qode_css_animation=&#8221;&#8221;][vc_empty_space height=&#8221;23px&#8221;][vc_column_text] Madrid [\/vc_column_text][vc_empty_space height=&#8221;14px&#8221;][vc_column_text][\/vc_column_text][vc_empty_space][\/vc_column_inner][\/vc_row_inner][vc_row_inner row_type=&#8221;row&#8221; type=&#8221;full_width&#8221; text_align=&#8221;left&#8221; css_animation=&#8221;&#8221;][vc_column_inner width=&#8221;1\/4&#8243;][vc_single_image image=&#8221;8417&#8243; img_size=&#8221;full&#8221;&#8230;<\/p>\n","protected":false},"author":1,"featured_media":0,"parent":0,"menu_order":17,"comment_status":"closed","ping_status":"closed","template":"full_width.php","meta":{"_joinchat":[],"footnotes":""},"class_list":["post-7746","page","type-page","status-publish","hentry"],"_links":{"self":[{"href":"https:\/\/www.crestamap.com\/ca\/wp-json\/wp\/v2\/pages\/7746","targetHints":{"allow":["GET"]}}],"collection":[{"href":"https:\/\/www.crestamap.com\/ca\/wp-json\/wp\/v2\/pages"}],"about":[{"href":"https:\/\/www.crestamap.com\/ca\/wp-json\/wp\/v2\/types\/page"}],"author":[{"embeddable":true,"href":"https:\/\/www.crestamap.com\/ca\/wp-json\/wp\/v2\/users\/1"}],"replies":[{"embeddable":true,"href":"https:\/\/www.crestamap.com\/ca\/wp-json\/wp\/v2\/comments?post=7746"}],"version-history":[{"count":9,"href":"https:\/\/www.crestamap.com\/ca\/wp-json\/wp\/v2\/pages\/7746\/revisions"}],"predecessor-version":[{"id":10997,"href":"https:\/\/www.crestamap.com\/ca\/wp-json\/wp\/v2\/pages\/7746\/revisions\/10997"}],"wp:attachment":[{"href":"https:\/\/www.crestamap.com\/ca\/wp-json\/wp\/v2\/media?parent=7746"}],"curies":[{"name":"wp","href":"https:\/\/api.w.org\/{rel}","templated":true}]}}