{"id":7738,"date":"2020-03-04T16:03:29","date_gmt":"2020-03-04T16:03:29","guid":{"rendered":"https:\/\/www.crestamap.com\/project-monitoring-due-dilligence\/"},"modified":"2026-03-02T14:36:07","modified_gmt":"2026-03-02T14:36:07","slug":"project-monitoring-due-dilligence","status":"publish","type":"page","link":"https:\/\/www.crestamap.com\/ca\/project-monitoring-due-dilligence\/","title":{"rendered":"Project Monitoring i Due Dilligence"},"content":{"rendered":"\t\t<div data-elementor-type=\"wp-page\" data-elementor-id=\"7738\" class=\"elementor elementor-7738 elementor-5308\" data-elementor-post-type=\"page\">\n\t\t\t\t<div class=\"elementor-element elementor-element-278175c e-flex e-con-boxed parallax_section_no qode_elementor_container_no e-con e-parent\" data-id=\"278175c\" data-element_type=\"container\" data-settings=\"{&quot;background_background&quot;:&quot;classic&quot;}\">\n\t\t\t\t\t<div class=\"e-con-inner\">\n\t\t\t\t<div class=\"elementor-element elementor-element-1933670 elementor-widget__width-inherit elementor-widget elementor-widget-heading\" data-id=\"1933670\" data-element_type=\"widget\" data-widget_type=\"heading.default\">\n\t\t\t\t<div class=\"elementor-widget-container\">\n\t\t\t\t\t<h1 class=\"elementor-heading-title elementor-size-default\">Project Monitoring i Due Dilligence<\/h1>\t\t\t\t<\/div>\n\t\t\t\t<\/div>\n\t\t\t\t\t<\/div>\n\t\t\t\t<\/div>\n\t\t<div class=\"elementor-element elementor-element-898843c e-flex e-con-boxed parallax_section_no qode_elementor_container_no e-con e-parent\" data-id=\"898843c\" data-element_type=\"container\" data-settings=\"{&quot;background_background&quot;:&quot;classic&quot;}\">\n\t\t\t\t\t<div class=\"e-con-inner\">\n\t\t\t\t<div class=\"elementor-element elementor-element-94cc860 elementor-widget elementor-widget-heading\" data-id=\"94cc860\" data-element_type=\"widget\" data-widget_type=\"heading.default\">\n\t\t\t\t<div class=\"elementor-widget-container\">\n\t\t\t\t\t<h2 class=\"elementor-heading-title elementor-size-default\">Seguiment independent per minimitzar riscos i protegir la inversi\u00f3  <\/h2>\t\t\t\t<\/div>\n\t\t\t\t<\/div>\n\t\t\t\t\t<\/div>\n\t\t\t\t<\/div>\n\t\t<div class=\"elementor-element elementor-element-f31e16a e-flex e-con-boxed parallax_section_no qode_elementor_container_no e-con e-parent\" data-id=\"f31e16a\" data-element_type=\"container\" data-settings=\"{&quot;background_background&quot;:&quot;classic&quot;}\">\n\t\t\t\t\t<div class=\"e-con-inner\">\n\t\t<div class=\"elementor-element elementor-element-cdd010c e-con-full e-flex parallax_section_no qode_elementor_container_no e-con e-child\" data-id=\"cdd010c\" data-element_type=\"container\">\n\t\t\t\t<div class=\"elementor-element elementor-element-070f2bd elementor-widget elementor-widget-heading\" data-id=\"070f2bd\" data-element_type=\"widget\" data-widget_type=\"heading.default\">\n\t\t\t\t<div class=\"elementor-widget-container\">\n\t\t\t\t\t<h2 class=\"elementor-heading-title elementor-size-default\">Control, avaluaci\u00f3 i decisions segures<\/h2>\t\t\t\t<\/div>\n\t\t\t\t<\/div>\n\t\t\t\t<div class=\"elementor-element elementor-element-b3a560f elementor-widget elementor-widget-text-editor\" data-id=\"b3a560f\" data-element_type=\"widget\" data-widget_type=\"text-editor.default\">\n\t\t\t\t<div class=\"elementor-widget-container\">\n\t\t\t\t\t\t\t\t\t<p>Oferim serveis especialitzats per proporcionar<br> informaci\u00f3 independent, fiable i en temps real sobre el<br> estat i viabilitat dels projectes.<br><br> Aquests serveis s\u00f3n essencials per a entitats financeres,<br> inversors i promotors que busquen minimitzar riscos i<br> garantir la correcta execuci\u00f3 de les seves inversions<\/p>\t\t\t\t\t\t\t\t<\/div>\n\t\t\t\t<\/div>\n\t\t\t\t<\/div>\n\t\t<div class=\"elementor-element elementor-element-5174a7c e-con-full e-flex parallax_section_no qode_elementor_container_no e-con e-child\" data-id=\"5174a7c\" data-element_type=\"container\">\n\t\t\t\t<div class=\"elementor-element elementor-element-0d373bd elementor-widget elementor-widget-image\" data-id=\"0d373bd\" data-element_type=\"widget\" data-widget_type=\"image.default\">\n\t\t\t\t<div class=\"elementor-widget-container\">\n\t\t\t\t\t\t\t\t\t\t\t\t\t\t\t<img fetchpriority=\"high\" decoding=\"async\" width=\"1024\" height=\"683\" src=\"https:\/\/www.crestamap.com\/wp-content\/uploads\/2025\/11\/project-monitoring-1024x683.webp\" class=\"attachment-large size-large wp-image-10358\" alt=\"\" srcset=\"https:\/\/www.crestamap.com\/wp-content\/uploads\/2025\/11\/project-monitoring-1024x683.webp 1024w, https:\/\/www.crestamap.com\/wp-content\/uploads\/2025\/11\/project-monitoring-300x200.webp 300w, https:\/\/www.crestamap.com\/wp-content\/uploads\/2025\/11\/project-monitoring-768x512.webp 768w, https:\/\/www.crestamap.com\/wp-content\/uploads\/2025\/11\/project-monitoring-700x467.webp 700w, https:\/\/www.crestamap.com\/wp-content\/uploads\/2025\/11\/project-monitoring.webp 1327w\" sizes=\"(max-width: 1024px) 100vw, 1024px\" \/>\t\t\t\t\t\t\t\t\t\t\t\t\t\t\t<\/div>\n\t\t\t\t<\/div>\n\t\t<div class=\"elementor-element elementor-element-72cdde5 e-con-full e-flex parallax_section_no qode_elementor_container_no e-con e-child\" data-id=\"72cdde5\" data-element_type=\"container\">\n\t\t\t\t<div class=\"elementor-element elementor-element-340a589 elementor-widget__width-initial elementor-widget elementor-widget-button\" data-id=\"340a589\" data-element_type=\"widget\" data-widget_type=\"button.default\">\n\t\t\t\t<div class=\"elementor-widget-container\">\n\t\t\t\t\t\t\t\t\t<div class=\"elementor-button-wrapper\">\n\t\t\t\t\t<a class=\"elementor-button elementor-button-link elementor-size-sm\" href=\"https:\/\/www.crestamap.com\/ca\/contacte\/\">\n\t\t\t\t\t\t<span class=\"elementor-button-content-wrapper\">\n\t\t\t\t\t\t\t\t\t<span class=\"elementor-button-text\">Demana un informe<br> de viabilitat<\/span>\n\t\t\t\t\t<\/span>\n\t\t\t\t\t<\/a>\n\t\t\t\t<\/div>\n\t\t\t\t\t\t\t\t<\/div>\n\t\t\t\t<\/div>\n\t\t\t\t<div class=\"elementor-element elementor-element-d13c292 elementor-widget__width-initial elementor-widget elementor-widget-button\" data-id=\"d13c292\" data-element_type=\"widget\" data-widget_type=\"button.default\">\n\t\t\t\t<div class=\"elementor-widget-container\">\n\t\t\t\t\t\t\t\t\t<div class=\"elementor-button-wrapper\">\n\t\t\t\t\t<a class=\"elementor-button elementor-button-link elementor-size-sm\" href=\"https:\/\/www.crestamap.com\/ca\/contacte\/\">\n\t\t\t\t\t\t<span class=\"elementor-button-content-wrapper\">\n\t\t\t\t\t\t\t\t\t<span class=\"elementor-button-text\">Agenda una trucada<\/span>\n\t\t\t\t\t<\/span>\n\t\t\t\t\t<\/a>\n\t\t\t\t<\/div>\n\t\t\t\t\t\t\t\t<\/div>\n\t\t\t\t<\/div>\n\t\t\t\t<\/div>\n\t\t\t\t<\/div>\n\t\t\t\t\t<\/div>\n\t\t\t\t<\/div>\n\t\t<div class=\"elementor-element elementor-element-a8702c9 e-con-full e-flex parallax_section_no qode_elementor_container_no e-con e-parent\" data-id=\"a8702c9\" data-element_type=\"container\">\n\t\t<div class=\"elementor-element elementor-element-f5eabd2 e-con-full e-flex parallax_section_no qode_elementor_container_no e-con e-child\" data-id=\"f5eabd2\" data-element_type=\"container\" data-settings=\"{&quot;background_background&quot;:&quot;classic&quot;}\">\n\t\t\t\t<\/div>\n\t\t<div class=\"elementor-element elementor-element-38e10dd e-con-full e-flex parallax_section_no qode_elementor_container_no e-con e-child\" data-id=\"38e10dd\" data-element_type=\"container\">\n\t\t\t\t<div class=\"elementor-element elementor-element-df81061 elementor-widget elementor-widget-heading\" data-id=\"df81061\" data-element_type=\"widget\" data-widget_type=\"heading.default\">\n\t\t\t\t<div class=\"elementor-widget-container\">\n\t\t\t\t\t<h2 class=\"elementor-heading-title elementor-size-default\">Project Monitoring<\/h2>\t\t\t\t<\/div>\n\t\t\t\t<\/div>\n\t\t\t\t<div class=\"elementor-element elementor-element-21b73c2 elementor-widget elementor-widget-text-editor\" data-id=\"21b73c2\" data-element_type=\"widget\" data-widget_type=\"text-editor.default\">\n\t\t\t\t<div class=\"elementor-widget-container\">\n\t\t\t\t\t\t\t\t\t<p>El nostre servei de <strong>Project Monitoring<\/strong> consisteix en una <strong>auditoria continuada<\/strong> que permet controlar l&#8217;evoluci\u00f3 del projecte sense interferir en la gesti\u00f3 del promotor.<\/p><p>Elaborem <strong>un<\/strong> <strong>pla de monitoritzaci\u00f3<\/strong> adaptat a cada projecte, que inclou:<\/p><p>\u2022 Seguiment en temps real de l\u201faven\u00e7 d\u201fobra.<br>\u2022 Control de fites, costos i qualitat.<br>\u2022 Informes peri\u00f2dics clars i objectius.<br>\u2022 Alertes primerenques per anticipar desviacions.<\/p><p>Aquest enfocament <strong>permet prendre decisions anticipades i<\/strong> <strong>fonamentades<\/strong> , reduint riscos i assegurant la transpar\u00e8ncia en tot el proc\u00e9s.<\/p>\t\t\t\t\t\t\t\t<\/div>\n\t\t\t\t<\/div>\n\t\t\t\t<\/div>\n\t\t\t\t<\/div>\n\t\t<div class=\"elementor-element elementor-element-5c1160e e-con-full e-flex parallax_section_no qode_elementor_container_no e-con e-parent\" data-id=\"5c1160e\" data-element_type=\"container\">\n\t\t<div class=\"elementor-element elementor-element-61caa7f e-con-full e-flex parallax_section_no qode_elementor_container_no e-con e-child\" data-id=\"61caa7f\" data-element_type=\"container\">\n\t\t\t\t<div class=\"elementor-element elementor-element-f0bcd4a elementor-widget elementor-widget-heading\" data-id=\"f0bcd4a\" data-element_type=\"widget\" data-widget_type=\"heading.default\">\n\t\t\t\t<div class=\"elementor-widget-container\">\n\t\t\t\t\t<h2 class=\"elementor-heading-title elementor-size-default\">Due Diligence T\u00e8cnica i Estudis de Viabilitat<\/h2>\t\t\t\t<\/div>\n\t\t\t\t<\/div>\n\t\t\t\t<div class=\"elementor-element elementor-element-ba543c5 elementor-widget elementor-widget-text-editor\" data-id=\"ba543c5\" data-element_type=\"widget\" data-widget_type=\"text-editor.default\">\n\t\t\t\t<div class=\"elementor-widget-container\">\n\t\t\t\t\t\t\t\t\t<p>Realitzem <strong>auditories t\u00e8cniques i econ\u00f2miques<\/strong> exhaustives per avaluar la viabilitat del projecte abans de la seva execuci\u00f3. La nostra an\u00e0lisi inclou:<\/p><p>\u2022 Revisi\u00f3 de documentaci\u00f3 t\u00e8cnica i permisos.<br>\u2022 Avaluaci\u00f3 de riscos constructius i financers.<br>\u2022 Estudis de viabilitat i compliment normatiu.<br>\u2022 Informes detallats per a decisions estrat\u00e8giques.<\/p><p>Aquest servei aporta <strong>seguretat i confian\u00e7a<\/strong> a inversors i entitats financeres, garantint que cada inversi\u00f3 se sustenti en informaci\u00f3 precisa i objectiva.<\/p><p>A CRESTAMAP treballem amb rigor, independ\u00e8ncia i transpar\u00e8ncia, assegurant que els nostres clients disposin de la informaci\u00f3 necess\u00e0ria per prendre decisions segures i reduir riscos a totes les fases del projecte.<\/p>\t\t\t\t\t\t\t\t<\/div>\n\t\t\t\t<\/div>\n\t\t\t\t<\/div>\n\t\t<div class=\"elementor-element elementor-element-c2336df e-con-full e-flex parallax_section_no qode_elementor_container_no e-con e-child\" data-id=\"c2336df\" data-element_type=\"container\" data-settings=\"{&quot;background_background&quot;:&quot;classic&quot;}\">\n\t\t\t\t<\/div>\n\t\t\t\t<\/div>\n\t\t<div class=\"elementor-element elementor-element-f7954c4 e-flex e-con-boxed parallax_section_no qode_elementor_container_no e-con e-parent\" data-id=\"f7954c4\" data-element_type=\"container\" data-settings=\"{&quot;background_background&quot;:&quot;classic&quot;}\">\n\t\t\t\t\t<div class=\"e-con-inner\">\n\t\t<div class=\"elementor-element elementor-element-7416286 e-con-full e-flex parallax_section_no qode_elementor_container_no e-con e-child\" data-id=\"7416286\" data-element_type=\"container\">\n\t\t\t\t<div class=\"elementor-element elementor-element-3355776 elementor-widget elementor-widget-heading\" data-id=\"3355776\" data-element_type=\"widget\" data-widget_type=\"heading.default\">\n\t\t\t\t<div class=\"elementor-widget-container\">\n\t\t\t\t\t<h2 class=\"elementor-heading-title elementor-size-default\">Necessites assessorament?<\/h2>\t\t\t\t<\/div>\n\t\t\t\t<\/div>\n\t\t\t\t<div class=\"elementor-element elementor-element-6e4f925 elementor-widget elementor-widget-heading\" data-id=\"6e4f925\" data-element_type=\"widget\" data-widget_type=\"heading.default\">\n\t\t\t\t<div class=\"elementor-widget-container\">\n\t\t\t\t\t<h3 class=\"elementor-heading-title elementor-size-default\">Contacta amb nosaltres i t\u00b4ajudarem a construir el teu projecte.<\/h3>\t\t\t\t<\/div>\n\t\t\t\t<\/div>\n\t\t\t\t<\/div>\n\t\t<div class=\"elementor-element elementor-element-33c22cd e-con-full e-flex parallax_section_no qode_elementor_container_no e-con e-child\" data-id=\"33c22cd\" data-element_type=\"container\">\n\t\t\t\t<div class=\"elementor-element elementor-element-c3600d3 elementor-widget elementor-widget-button\" data-id=\"c3600d3\" data-element_type=\"widget\" data-widget_type=\"button.default\">\n\t\t\t\t<div class=\"elementor-widget-container\">\n\t\t\t\t\t\t\t\t\t<div class=\"elementor-button-wrapper\">\n\t\t\t\t\t<a class=\"elementor-button elementor-button-link elementor-size-sm\" href=\"https:\/\/www.crestamap.com\/ca\/contacte\/\">\n\t\t\t\t\t\t<span class=\"elementor-button-content-wrapper\">\n\t\t\t\t\t\t\t\t\t<span class=\"elementor-button-text\">Contacta'ns  <\/span>\n\t\t\t\t\t<\/span>\n\t\t\t\t\t<\/a>\n\t\t\t\t<\/div>\n\t\t\t\t\t\t\t\t<\/div>\n\t\t\t\t<\/div>\n\t\t\t\t<\/div>\n\t\t\t\t\t<\/div>\n\t\t\t\t<\/div>\n\t\t\t\t<\/div>\n\t\t","protected":false},"excerpt":{"rendered":"<p>Seguiment independent per minimitzar riscos i protegir la inversi\u00f3 Control, avaluaci\u00f3 i decisions segures Oferim serveis especialitzats per proporcionar informaci\u00f3 independent, fiable i en temps real sobre el estat i viabilitat dels projectes. Aquests serveis s\u00f3n essencials per a entitats financeres, inversors i promotors que&#8230;<\/p>\n","protected":false},"author":1,"featured_media":0,"parent":0,"menu_order":45,"comment_status":"closed","ping_status":"closed","template":"full_width.php","meta":{"_joinchat":[],"footnotes":""},"class_list":["post-7738","page","type-page","status-publish","hentry"],"_links":{"self":[{"href":"https:\/\/www.crestamap.com\/ca\/wp-json\/wp\/v2\/pages\/7738","targetHints":{"allow":["GET"]}}],"collection":[{"href":"https:\/\/www.crestamap.com\/ca\/wp-json\/wp\/v2\/pages"}],"about":[{"href":"https:\/\/www.crestamap.com\/ca\/wp-json\/wp\/v2\/types\/page"}],"author":[{"embeddable":true,"href":"https:\/\/www.crestamap.com\/ca\/wp-json\/wp\/v2\/users\/1"}],"replies":[{"embeddable":true,"href":"https:\/\/www.crestamap.com\/ca\/wp-json\/wp\/v2\/comments?post=7738"}],"version-history":[{"count":2,"href":"https:\/\/www.crestamap.com\/ca\/wp-json\/wp\/v2\/pages\/7738\/revisions"}],"predecessor-version":[{"id":10372,"href":"https:\/\/www.crestamap.com\/ca\/wp-json\/wp\/v2\/pages\/7738\/revisions\/10372"}],"wp:attachment":[{"href":"https:\/\/www.crestamap.com\/ca\/wp-json\/wp\/v2\/media?parent=7738"}],"curies":[{"name":"wp","href":"https:\/\/api.w.org\/{rel}","templated":true}]}}