{"id":10376,"date":"2026-03-02T14:36:16","date_gmt":"2026-03-02T14:36:16","guid":{"rendered":"https:\/\/www.crestamap.com\/lempresa\/"},"modified":"2026-03-02T14:36:20","modified_gmt":"2026-03-02T14:36:20","slug":"lempresa","status":"publish","type":"page","link":"https:\/\/www.crestamap.com\/ca\/lempresa\/","title":{"rendered":"L&#8217;Empresa"},"content":{"rendered":"\t\t<div data-elementor-type=\"wp-page\" data-elementor-id=\"10376\" class=\"elementor elementor-10376 elementor-8982\" data-elementor-post-type=\"page\">\n\t\t\t\t<div class=\"elementor-element elementor-element-de3430e e-flex e-con-boxed parallax_section_no qode_elementor_container_no e-con e-parent\" data-id=\"de3430e\" data-element_type=\"container\" data-settings=\"{&quot;background_background&quot;:&quot;classic&quot;}\">\n\t\t\t\t\t<div class=\"e-con-inner\">\n\t\t\t\t<div class=\"elementor-element elementor-element-3dfb3fb elementor-widget__width-inherit elementor-widget elementor-widget-heading\" data-id=\"3dfb3fb\" data-element_type=\"widget\" data-widget_type=\"heading.default\">\n\t\t\t\t<div class=\"elementor-widget-container\">\n\t\t\t\t\t<h1 class=\"elementor-heading-title elementor-size-default\">L&#8217;Empresa<\/h1>\t\t\t\t<\/div>\n\t\t\t\t<\/div>\n\t\t\t\t\t<\/div>\n\t\t\t\t<\/div>\n\t\t<div class=\"elementor-element elementor-element-2e3976c e-flex e-con-boxed parallax_section_no qode_elementor_container_no e-con e-parent\" data-id=\"2e3976c\" data-element_type=\"container\" data-settings=\"{&quot;background_background&quot;:&quot;classic&quot;}\">\n\t\t\t\t\t<div class=\"e-con-inner\">\n\t\t\t\t<div class=\"elementor-element elementor-element-0934eb1 elementor-widget elementor-widget-heading\" data-id=\"0934eb1\" data-element_type=\"widget\" data-widget_type=\"heading.default\">\n\t\t\t\t<div class=\"elementor-widget-container\">\n\t\t\t\t\t<h2 class=\"elementor-heading-title elementor-size-default\">M\u00e9s de 20 anys d'experi\u00e8ncia<\/h2>\t\t\t\t<\/div>\n\t\t\t\t<\/div>\n\t\t\t\t\t<\/div>\n\t\t\t\t<\/div>\n\t\t<div class=\"elementor-element elementor-element-a25d6a7 e-flex e-con-boxed parallax_section_no qode_elementor_container_no e-con e-parent\" data-id=\"a25d6a7\" data-element_type=\"container\">\n\t\t\t\t\t<div class=\"e-con-inner\">\n\t\t\t\t<div class=\"elementor-element elementor-element-69ed4c7 elementor-widget elementor-widget-text-editor\" data-id=\"69ed4c7\" data-element_type=\"widget\" data-widget_type=\"text-editor.default\">\n\t\t\t\t<div class=\"elementor-widget-container\">\n\t\t\t\t\t\t\t\t\t<p>Confia en <strong><span style=\"color: #7b2431;\">CRESTAMAP<\/span> .<\/strong> Els nostres professionals acumulen m\u00e9s de <strong>20 anys d&#8217;experi\u00e8ncia<\/strong> en el desenvolupament de projectes, en l&#8217;execuci\u00f3 d&#8217;obres i en la gesti\u00f3 d&#8217;inversions al sector immobiliari i de la construcci\u00f3. Deixi&#8217;s assessorar per un <strong>equip expert<\/strong> que <strong>aconseguir\u00e0 fer realitat els seus objectius<\/strong> . <\/p><p><span style=\"color: #7b2431;\"><strong>CRESTAMAP<\/strong><\/span> , fundada el 2015.<\/p>\t\t\t\t\t\t\t\t<\/div>\n\t\t\t\t<\/div>\n\t\t\t\t\t<\/div>\n\t\t\t\t<\/div>\n\t\t<div class=\"elementor-element elementor-element-2bcc3f6 e-flex e-con-boxed parallax_section_no qode_elementor_container_no e-con e-parent\" data-id=\"2bcc3f6\" data-element_type=\"container\" data-settings=\"{&quot;background_background&quot;:&quot;classic&quot;}\">\n\t\t\t\t\t<div class=\"e-con-inner\">\n\t\t\t\t<div class=\"elementor-element elementor-element-733cd18 elementor-widget elementor-widget-heading\" data-id=\"733cd18\" data-element_type=\"widget\" data-widget_type=\"heading.default\">\n\t\t\t\t<div class=\"elementor-widget-container\">\n\t\t\t\t\t<h2 class=\"elementor-heading-title elementor-size-default\">Equip directiu  <\/h2>\t\t\t\t<\/div>\n\t\t\t\t<\/div>\n\t\t\t\t\t<\/div>\n\t\t\t\t<\/div>\n\t\t<div class=\"elementor-element elementor-element-bfa416b e-flex e-con-boxed parallax_section_no qode_elementor_container_no e-con e-parent\" data-id=\"bfa416b\" data-element_type=\"container\" data-settings=\"{&quot;background_background&quot;:&quot;classic&quot;}\">\n\t\t\t\t\t<div class=\"e-con-inner\">\n\t\t<div class=\"elementor-element elementor-element-e9e8750 e-con-full e-flex parallax_section_no qode_elementor_container_no e-con e-child\" data-id=\"e9e8750\" data-element_type=\"container\">\n\t\t\t\t<div class=\"elementor-element elementor-element-d92efe4 elementor-position-left elementor-vertical-align-top elementor-widget elementor-widget-image-box\" data-id=\"d92efe4\" data-element_type=\"widget\" data-widget_type=\"image-box.default\">\n\t\t\t\t<div class=\"elementor-widget-container\">\n\t\t\t\t\t<div class=\"elementor-image-box-wrapper\"><figure class=\"elementor-image-box-img\"><img fetchpriority=\"high\" decoding=\"async\" width=\"400\" height=\"600\" src=\"https:\/\/www.crestamap.com\/wp-content\/uploads\/2026\/01\/joan-pujol-1.webp\" class=\"attachment-full size-full wp-image-10386\" alt=\"\" srcset=\"https:\/\/www.crestamap.com\/wp-content\/uploads\/2026\/01\/joan-pujol-1.webp 400w, https:\/\/www.crestamap.com\/wp-content\/uploads\/2026\/01\/joan-pujol-1-200x300.webp 200w\" sizes=\"(max-width: 400px) 100vw, 400px\" \/><\/figure><div class=\"elementor-image-box-content\"><h3 class=\"elementor-image-box-title\">Joan Pujol<\/h3><p class=\"elementor-image-box-description\"><strong>Enginyer t\u00e8cnic agr\u00f2nom<\/strong> per la Universitat Polit\u00e8cnica de Catalunya.\n<strong>Va ser gerent de diverses Ute's<\/strong> amb les principals constructores del pa\u00eds. Acumula m\u00e9s de <strong>25 anys de dedicaci\u00f3 plena al sector immobiliari<\/strong> tant a l'\u00e0mbit de la consultoria com al de la promoci\u00f3 i les inversions immobili\u00e0ries. Al terreny de la inversi\u00f3 immobili\u00e0ria ha gestionat <strong>m\u00e9s de 1.000 milions d'euros en transaccions<\/strong> d'actius i s\u00f2ls urbans.  <\/p><\/div><\/div>\t\t\t\t<\/div>\n\t\t\t\t<\/div>\n\t\t\t\t<\/div>\n\t\t<div class=\"elementor-element elementor-element-9a70239 e-con-full e-flex parallax_section_no qode_elementor_container_no e-con e-child\" data-id=\"9a70239\" data-element_type=\"container\">\n\t\t\t\t<div class=\"elementor-element elementor-element-c4bdae1 elementor-position-left elementor-vertical-align-top elementor-widget elementor-widget-image-box\" data-id=\"c4bdae1\" data-element_type=\"widget\" data-widget_type=\"image-box.default\">\n\t\t\t\t<div class=\"elementor-widget-container\">\n\t\t\t\t\t<div class=\"elementor-image-box-wrapper\"><figure class=\"elementor-image-box-img\"><img decoding=\"async\" width=\"400\" height=\"600\" data-src=\"https:\/\/www.crestamap.com\/wp-content\/uploads\/2025\/11\/sergi.webp\" class=\"attachment-full size-full wp-image-10384 lazyload\" alt=\"\" data-srcset=\"https:\/\/www.crestamap.com\/wp-content\/uploads\/2025\/11\/sergi.webp 400w, https:\/\/www.crestamap.com\/wp-content\/uploads\/2025\/11\/sergi-200x300.webp 200w\" data-sizes=\"(max-width: 400px) 100vw, 400px\" src=\"data:image\/svg+xml;base64,PHN2ZyB3aWR0aD0iMSIgaGVpZ2h0PSIxIiB4bWxucz0iaHR0cDovL3d3dy53My5vcmcvMjAwMC9zdmciPjwvc3ZnPg==\" style=\"--smush-placeholder-width: 400px; --smush-placeholder-aspect-ratio: 400\/600;\" \/><\/figure><div class=\"elementor-image-box-content\"><h3 class=\"elementor-image-box-title\">Sergi Mora<\/h3><p class=\"elementor-image-box-description\"><strong>Llicenciat en Arquitectura<\/strong> per la Universitat Polit\u00e8cnica de Catalunya, <strong>M\u00e0ster en Gesti\u00f3 i Valoracions per la UPC, MBA (2004) per ESADE<\/strong> i <strong>PE Estrat\u00e8gia Immobili\u00e0ria per IESE.<\/strong> Va dirigir diversos projectes per a l'ampliaci\u00f3 de l' <strong>aeroport de Barcelona<\/strong> i va ser director de l'activitat d'un holding de <strong>8<\/strong> empreses <strong>promotores<\/strong> on va desenvolupar els projectes i la construcci\u00f3 de m\u00e9s de <strong>1.000 habitatges, 23 naus industrials i la urbanitzaci\u00f3<\/strong> de m\u00e9s de <strong>14 hect\u00e0rees<\/strong> de terra. \u00c9s especialista en la <strong>gesti\u00f3 i direcci\u00f3 integral de projectes i obres.<\/strong> <\/p><\/div><\/div>\t\t\t\t<\/div>\n\t\t\t\t<\/div>\n\t\t\t\t<\/div>\n\t\t\t\t\t<\/div>\n\t\t\t\t<\/div>\n\t\t<div class=\"elementor-element elementor-element-249ef7b e-con-full e-flex parallax_section_no qode_elementor_container_no e-con e-parent\" data-id=\"249ef7b\" data-element_type=\"container\">\n\t\t<div class=\"elementor-element elementor-element-8c22533 e-con-full e-flex parallax_section_no qode_elementor_container_no e-con e-child\" data-id=\"8c22533\" data-element_type=\"container\" data-settings=\"{&quot;background_background&quot;:&quot;classic&quot;}\">\n\t\t\t\t<\/div>\n\t\t<div class=\"elementor-element elementor-element-787c53a e-con-full e-flex parallax_section_no qode_elementor_container_no e-con e-child\" data-id=\"787c53a\" data-element_type=\"container\">\n\t\t\t\t<div class=\"elementor-element elementor-element-d462484 elementor-widget elementor-widget-heading\" data-id=\"d462484\" data-element_type=\"widget\" data-widget_type=\"heading.default\">\n\t\t\t\t<div class=\"elementor-widget-container\">\n\t\t\t\t\t<h2 class=\"elementor-heading-title elementor-size-default\">Els nostres inicis<\/h2>\t\t\t\t<\/div>\n\t\t\t\t<\/div>\n\t\t\t\t<div class=\"elementor-element elementor-element-8b87dbf elementor-widget elementor-widget-heading\" data-id=\"8b87dbf\" data-element_type=\"widget\" data-widget_type=\"heading.default\">\n\t\t\t\t<div class=\"elementor-widget-container\">\n\t\t\t\t\t<h3 class=\"elementor-heading-title elementor-size-default\">Ampliaci\u00f3 Aeroport de Barcelona<\/h3>\t\t\t\t<\/div>\n\t\t\t\t<\/div>\n\t\t\t\t<div class=\"elementor-element elementor-element-550998f elementor-widget elementor-widget-heading\" data-id=\"550998f\" data-element_type=\"widget\" data-widget_type=\"heading.default\">\n\t\t\t\t<div class=\"elementor-widget-container\">\n\t\t\t\t\t<h4 class=\"elementor-heading-title elementor-size-default\">PROJECTES com Staff Member in Project Management Team (1998-2004):<\/h4>\t\t\t\t<\/div>\n\t\t\t\t<\/div>\n\t\t\t\t<div class=\"elementor-element elementor-element-491cc6d elementor-widget elementor-widget-text-editor\" data-id=\"491cc6d\" data-element_type=\"widget\" data-widget_type=\"text-editor.default\">\n\t\t\t\t<div class=\"elementor-widget-container\">\n\t\t\t\t\t\t\t\t\t<ul><li>Redacci\u00f3 del <strong>Pla Director per a l&#8217;Ampliaci\u00f3 de l&#8217;Aeroport<\/strong> aprovat pel Consell de Ministres el 1999.<\/li><li><strong>Gesti\u00f3 de 7 plans especials<\/strong> per al desenvolupament de les <strong>1.500 HA<\/strong> resultants del nou aeroport.<\/li><li>Gesti\u00f3 per a l&#8217; <strong>Expropiaci\u00f3 de m\u00e9s de 700 HA<\/strong> de terra.<\/li><li>Edifici d&#8217;oficines per al <strong>Pla Barcelona.<\/strong><\/li><li><strong>Nova Terminal<\/strong> entre pistes.<\/li><li>Edificis <strong>d\u00b4Aparcament<\/strong> de la Nova Terminal.<\/li><li>Urbanitzaci\u00f3 de la <strong>Ciutat Aeroportuaria.<\/strong><\/li><li><strong>C\u00e0rrec Center<\/strong> expansi\u00f3.<\/li><li>Terminal Regional.<\/li><li>Nova <strong>Torre de Control.<\/strong><\/li><\/ul>\t\t\t\t\t\t\t\t<\/div>\n\t\t\t\t<\/div>\n\t\t\t\t<\/div>\n\t\t\t\t<\/div>\n\t\t<div class=\"elementor-element elementor-element-ece19a0 e-con-full e-flex parallax_section_no qode_elementor_container_no e-con e-parent\" data-id=\"ece19a0\" data-element_type=\"container\">\n\t\t<div class=\"elementor-element elementor-element-03e01d9 e-con-full e-flex parallax_section_no qode_elementor_container_no e-con e-child\" data-id=\"03e01d9\" data-element_type=\"container\">\n\t\t\t\t<div class=\"elementor-element elementor-element-6bc7a5d elementor-widget elementor-widget-heading\" data-id=\"6bc7a5d\" data-element_type=\"widget\" data-widget_type=\"heading.default\">\n\t\t\t\t<div class=\"elementor-widget-container\">\n\t\t\t\t\t<h4 class=\"elementor-heading-title elementor-size-default\">PROJECTES com a Project Manager Director (1998-2004):\n<\/h4>\t\t\t\t<\/div>\n\t\t\t\t<\/div>\n\t\t\t\t<div class=\"elementor-element elementor-element-ca7ee7a elementor-widget elementor-widget-text-editor\" data-id=\"ca7ee7a\" data-element_type=\"widget\" data-widget_type=\"text-editor.default\">\n\t\t\t\t<div class=\"elementor-widget-container\">\n\t\t\t\t\t\t\t\t\t<ul><li><strong>Enderrocament de les \u00e0rees expropiades.<\/strong>  M\u00e9s de 100.000 m\u00b2 de sostre (C\u00e0mping Cala Gogo, C\u00e0mping Toro Bravo, C\u00e0mping 3 Estrelles i pol\u00edgons industrials associats a l&#8217;anterior tra\u00e7at de la C-31).<\/li><li>Nou edifici per a la <strong>Gu\u00e0rdia Civil.<\/strong><\/li><li><strong>Base a\u00e8ria militar:<\/strong> Edificis per al Cos de Gu\u00e0rdia, Edificis per a la Tropa, Heli-superf\u00edcie, Urbanitzaci\u00f3 de tot el Sector, Decantadora, Edifici per a la Munici\u00f3, Rehabilitaci\u00f3 de la Casa del Mar.<\/li><li>Plataforma de <strong>serveis i taxis.<\/strong><\/li><li>Reubicaci\u00f3 de la <strong>Granja Ricarda<\/strong> (Deconstrucci\u00f3 i Reconstrucci\u00f3).<\/li><li>Rehabilitaci\u00f3 d&#8217;edifici modernista de <strong>Puig i Cadafalch &#8211; Telegrafia Marconi.<\/strong><\/li><li>Nou Tancament del <strong>recinte aeroportuari<\/strong> incloent l&#8217;espai aeri.<\/li><\/ul>\t\t\t\t\t\t\t\t<\/div>\n\t\t\t\t<\/div>\n\t\t\t\t<\/div>\n\t\t<div class=\"elementor-element elementor-element-24c165c e-con-full e-flex parallax_section_no qode_elementor_container_no e-con e-child\" data-id=\"24c165c\" data-element_type=\"container\" data-settings=\"{&quot;background_background&quot;:&quot;classic&quot;}\">\n\t\t\t\t<\/div>\n\t\t\t\t<\/div>\n\t\t<div class=\"elementor-element elementor-element-c55f574 e-flex e-con-boxed parallax_section_no qode_elementor_container_no e-con e-parent\" data-id=\"c55f574\" data-element_type=\"container\" data-settings=\"{&quot;background_background&quot;:&quot;classic&quot;}\">\n\t\t\t\t\t<div class=\"e-con-inner\">\n\t\t\t\t<div class=\"elementor-element elementor-element-72e7a14 elementor-widget elementor-widget-heading\" data-id=\"72e7a14\" data-element_type=\"widget\" data-widget_type=\"heading.default\">\n\t\t\t\t<div class=\"elementor-widget-container\">\n\t\t\t\t\t<h2 class=\"elementor-heading-title elementor-size-default\">De l'experi\u00e8ncia t\u00e8cnica\n al lideratge en gesti\u00f3 de projectes<\/span><\/h2>\t\t\t\t<\/div>\n\t\t\t\t<\/div>\n\t\t\t\t\t<\/div>\n\t\t\t\t<\/div>\n\t\t<div class=\"elementor-element elementor-element-c4aef6b e-con-full e-flex parallax_section_no qode_elementor_container_no e-con e-parent\" data-id=\"c4aef6b\" data-element_type=\"container\">\n\t\t<div class=\"elementor-element elementor-element-b3acb46 e-con-full e-flex parallax_section_no qode_elementor_container_no e-con e-child\" data-id=\"b3acb46\" data-element_type=\"container\" data-settings=\"{&quot;background_background&quot;:&quot;classic&quot;}\">\n\t\t\t\t<\/div>\n\t\t<div class=\"elementor-element elementor-element-7889341 e-con-full e-flex parallax_section_no qode_elementor_container_no e-con e-child\" data-id=\"7889341\" data-element_type=\"container\">\n\t\t\t\t<div class=\"elementor-element elementor-element-40f6d9a elementor-widget elementor-widget-text-editor\" data-id=\"40f6d9a\" data-element_type=\"widget\" data-widget_type=\"text-editor.default\">\n\t\t\t\t<div class=\"elementor-widget-container\">\n\t\t\t\t\t\t\t\t\t<p><span class=\"rojo\"><strong>CrestaMap<\/strong><\/span> va n\u00e9ixer amb una idea clara: professionalitzar la gesti\u00f3 de projectes constructius per garantir resultats mesurables, transparents i sostenibles.<\/p><p>Despr\u00e9s d&#8217;anys d&#8217;experi\u00e8ncia en l&#8217;\u00e0mbit immobiliari i projectes corporatius de diversos sectors, el nostre equip va detectar una necessitat comuna: un Project Management capa\u00e7 d&#8217;aportar rigor, anticipaci\u00f3 i control real des de l&#8217;inici.<\/p><p>Avui, <strong>apliquem una metodologia pr\u00f2pia basada en dades<\/strong> , planificaci\u00f3 estrat\u00e8gica i seguiment continu que permet als nostres clients tenir visibilitat total del projecte i prendre decisions amb confian\u00e7a.<\/p><p>Des dels nostres inicis hem acompanyat promotores, inversors, fons, empreses corporatives i despatxos d&#8217;arquitectura en projectes de diferent dimensi\u00f3, sempre amb un mateix objectiu: complir els <strong>terminis previstos, optimitzar els costos i assegurar el valor final de l&#8217;actiu.<\/strong><\/p>\t\t\t\t\t\t\t\t<\/div>\n\t\t\t\t<\/div>\n\t\t\t\t<\/div>\n\t\t\t\t<\/div>\n\t\t<div class=\"elementor-element elementor-element-81d428b e-flex e-con-boxed parallax_section_no qode_elementor_container_no e-con e-parent\" data-id=\"81d428b\" data-element_type=\"container\" data-settings=\"{&quot;background_background&quot;:&quot;classic&quot;}\">\n\t\t\t\t\t<div class=\"e-con-inner\">\n\t\t\t\t<div class=\"elementor-element elementor-element-377f72d elementor-widget elementor-widget-heading\" data-id=\"377f72d\" data-element_type=\"widget\" data-widget_type=\"heading.default\">\n\t\t\t\t<div class=\"elementor-widget-container\">\n\t\t\t\t\t<h2 class=\"elementor-heading-title elementor-size-default\">La nostra manera de treballar marca la difer\u00e8ncia<\/h2>\t\t\t\t<\/div>\n\t\t\t\t<\/div>\n\t\t\t\t<div class=\"elementor-element elementor-element-ed12148 elementor-widget elementor-widget-text-editor\" data-id=\"ed12148\" data-element_type=\"widget\" data-widget_type=\"text-editor.default\">\n\t\t\t\t<div class=\"elementor-widget-container\">\n\t\t\t\t\t\t\t\t\t<p><strong>No nom\u00e9s gestionem projectes.<\/strong><br> Els impulsem perqu\u00e8 avancin amb claredat, ordre i previsi\u00f3.<\/p>\t\t\t\t\t\t\t\t<\/div>\n\t\t\t\t<\/div>\n\t\t\t\t\t<\/div>\n\t\t\t\t<\/div>\n\t\t<div class=\"elementor-element elementor-element-d4f2107 e-grid e-con-boxed parallax_section_no qode_elementor_container_no e-con e-parent\" data-id=\"d4f2107\" data-element_type=\"container\" data-settings=\"{&quot;background_background&quot;:&quot;classic&quot;}\">\n\t\t\t\t\t<div class=\"e-con-inner\">\n\t\t\t\t<div class=\"elementor-element elementor-element-972c874 elementor-view-default elementor-position-block-start elementor-mobile-position-block-start elementor-widget elementor-widget-icon-box\" data-id=\"972c874\" data-element_type=\"widget\" data-widget_type=\"icon-box.default\">\n\t\t\t\t<div class=\"elementor-widget-container\">\n\t\t\t\t\t\t\t<div class=\"elementor-icon-box-wrapper\">\n\n\t\t\t\t\t\t<div class=\"elementor-icon-box-icon\">\n\t\t\t\t<span  class=\"elementor-icon\">\n\t\t\t\t<i aria-hidden=\"true\" class=\"fas fa-people-carry\"><\/i>\t\t\t\t<\/span>\n\t\t\t<\/div>\n\t\t\t\n\t\t\t\t\t\t<div class=\"elementor-icon-box-content\">\n\n\t\t\t\t\t\t\t\t\t<h3 class=\"elementor-icon-box-title\">\n\t\t\t\t\t\t<span  >\n\t\t\t\t\t\t\tMetodologia i control\t\t\t\t\t\t<\/span>\n\t\t\t\t\t<\/h3>\n\t\t\t\t\n\t\t\t\t\t\t\t\t\t<p class=\"elementor-icon-box-description\">\n\t\t\t\t\t\tPlanificaci\u00f3 t\u00e8cnica rigorosa, seguiment continu i eines digitals per mantenir el control real del projecte en tot moment.\t\t\t\t\t<\/p>\n\t\t\t\t\n\t\t\t<\/div>\n\t\t\t\n\t\t<\/div>\n\t\t\t\t\t\t<\/div>\n\t\t\t\t<\/div>\n\t\t\t\t<div class=\"elementor-element elementor-element-2d0da5f elementor-view-default elementor-position-block-start elementor-mobile-position-block-start elementor-widget elementor-widget-icon-box\" data-id=\"2d0da5f\" data-element_type=\"widget\" data-widget_type=\"icon-box.default\">\n\t\t\t\t<div class=\"elementor-widget-container\">\n\t\t\t\t\t\t\t<div class=\"elementor-icon-box-wrapper\">\n\n\t\t\t\t\t\t<div class=\"elementor-icon-box-icon\">\n\t\t\t\t<span  class=\"elementor-icon\">\n\t\t\t\t<i aria-hidden=\"true\" class=\"fas fa-globe\"><\/i>\t\t\t\t<\/span>\n\t\t\t<\/div>\n\t\t\t\n\t\t\t\t\t\t<div class=\"elementor-icon-box-content\">\n\n\t\t\t\t\t\t\t\t\t<h3 class=\"elementor-icon-box-title\">\n\t\t\t\t\t\t<span  >\n\t\t\t\t\t\t\tVisi\u00f3 global\t\t\t\t\t\t<\/span>\n\t\t\t\t\t<\/h3>\n\t\t\t\t\n\t\t\t\t\t\t\t\t\t<p class=\"elementor-icon-box-description\">\n\t\t\t\t\t\tIntegrem la gesti\u00f3 t\u00e8cnica, econ\u00f2mica i estrat\u00e8gica des de l'inici, alineant tots els agents implicats cap a un mateix objectiu.\t\t\t\t\t<\/p>\n\t\t\t\t\n\t\t\t<\/div>\n\t\t\t\n\t\t<\/div>\n\t\t\t\t\t\t<\/div>\n\t\t\t\t<\/div>\n\t\t\t\t<div class=\"elementor-element elementor-element-ac816d5 elementor-view-default elementor-position-block-start elementor-mobile-position-block-start elementor-widget elementor-widget-icon-box\" data-id=\"ac816d5\" data-element_type=\"widget\" data-widget_type=\"icon-box.default\">\n\t\t\t\t<div class=\"elementor-widget-container\">\n\t\t\t\t\t\t\t<div class=\"elementor-icon-box-wrapper\">\n\n\t\t\t\t\t\t<div class=\"elementor-icon-box-icon\">\n\t\t\t\t<span  class=\"elementor-icon\">\n\t\t\t\t<i aria-hidden=\"true\" class=\"far fa-handshake\"><\/i>\t\t\t\t<\/span>\n\t\t\t<\/div>\n\t\t\t\n\t\t\t\t\t\t<div class=\"elementor-icon-box-content\">\n\n\t\t\t\t\t\t\t\t\t<h3 class=\"elementor-icon-box-title\">\n\t\t\t\t\t\t<span  >\n\t\t\t\t\t\t\tTranspar\u00e8ncia i confian\u00e7a\t\t\t\t\t\t<\/span>\n\t\t\t\t\t<\/h3>\n\t\t\t\t\n\t\t\t\t\t\t\t\t\t<p class=\"elementor-icon-box-description\">\n\t\t\t\t\t\tCada decisi\u00f3 es recolza en dades i comunicaci\u00f3 constant amb el client.\n  La confian\u00e7a es construeix amb informaci\u00f3 clara i resultats.\n\t\t\t\t\t<\/p>\n\t\t\t\t\n\t\t\t<\/div>\n\t\t\t\n\t\t<\/div>\n\t\t\t\t\t\t<\/div>\n\t\t\t\t<\/div>\n\t\t\t\t<div class=\"elementor-element elementor-element-21e0c09 elementor-view-default elementor-position-block-start elementor-mobile-position-block-start elementor-widget elementor-widget-icon-box\" data-id=\"21e0c09\" data-element_type=\"widget\" data-widget_type=\"icon-box.default\">\n\t\t\t\t<div class=\"elementor-widget-container\">\n\t\t\t\t\t\t\t<div class=\"elementor-icon-box-wrapper\">\n\n\t\t\t\t\t\t<div class=\"elementor-icon-box-icon\">\n\t\t\t\t<span  class=\"elementor-icon\">\n\t\t\t\t<i aria-hidden=\"true\" class=\"fas fa-chart-bar\"><\/i>\t\t\t\t<\/span>\n\t\t\t<\/div>\n\t\t\t\n\t\t\t\t\t\t<div class=\"elementor-icon-box-content\">\n\n\t\t\t\t\t\t\t\t\t<h3 class=\"elementor-icon-box-title\">\n\t\t\t\t\t\t<span  >\n\t\t\t\t\t\t\tRendibilitat i efici\u00e8ncia\t\t\t\t\t\t<\/span>\n\t\t\t\t\t<\/h3>\n\t\t\t\t\n\t\t\t\t\t\t\t\t\t<p class=\"elementor-icon-box-description\">\n\t\t\t\t\t\tOptimitzem recursos, redu\u00efm desviacions i assegurem que cada inversi\u00f3 es tradueixi en valor tangible.\t\t\t\t\t<\/p>\n\t\t\t\t\n\t\t\t<\/div>\n\t\t\t\n\t\t<\/div>\n\t\t\t\t\t\t<\/div>\n\t\t\t\t<\/div>\n\t\t\t\t\t<\/div>\n\t\t\t\t<\/div>\n\t\t<div class=\"elementor-element elementor-element-4b72730 e-flex e-con-boxed parallax_section_no qode_elementor_container_no e-con e-parent\" data-id=\"4b72730\" data-element_type=\"container\" data-settings=\"{&quot;background_background&quot;:&quot;classic&quot;}\">\n\t\t\t\t\t<div class=\"e-con-inner\">\n\t\t<div class=\"elementor-element elementor-element-4aaa90b e-con-full e-flex parallax_section_no qode_elementor_container_no e-con e-child\" data-id=\"4aaa90b\" data-element_type=\"container\">\n\t\t\t\t<div class=\"elementor-element elementor-element-d0e1e7a elementor-widget elementor-widget-heading\" data-id=\"d0e1e7a\" data-element_type=\"widget\" data-widget_type=\"heading.default\">\n\t\t\t\t<div class=\"elementor-widget-container\">\n\t\t\t\t\t<h2 class=\"elementor-heading-title elementor-size-default\">Descobreix com treballem<\/h2>\t\t\t\t<\/div>\n\t\t\t\t<\/div>\n\t\t\t\t<\/div>\n\t\t<div class=\"elementor-element elementor-element-f1ee3dc e-con-full e-flex parallax_section_no qode_elementor_container_no e-con e-child\" data-id=\"f1ee3dc\" data-element_type=\"container\">\n\t\t\t\t<div class=\"elementor-element elementor-element-eec5076 elementor-widget elementor-widget-button\" data-id=\"eec5076\" data-element_type=\"widget\" data-widget_type=\"button.default\">\n\t\t\t\t<div class=\"elementor-widget-container\">\n\t\t\t\t\t\t\t\t\t<div class=\"elementor-button-wrapper\">\n\t\t\t\t\t<a class=\"elementor-button elementor-button-link elementor-size-sm\" href=\"https:\/\/www.crestamap.com\/ca\/projectes\/\">\n\t\t\t\t\t\t<span class=\"elementor-button-content-wrapper\">\n\t\t\t\t\t\t\t\t\t<span class=\"elementor-button-text\">Veure Projectes<\/span>\n\t\t\t\t\t<\/span>\n\t\t\t\t\t<\/a>\n\t\t\t\t<\/div>\n\t\t\t\t\t\t\t\t<\/div>\n\t\t\t\t<\/div>\n\t\t\t\t<\/div>\n\t\t\t\t\t<\/div>\n\t\t\t\t<\/div>\n\t\t\t\t<\/div>\n\t\t","protected":false},"excerpt":{"rendered":"<p>M\u00e9s de 20 anys d&#8217;experi\u00e8ncia Confia en CRESTAMAP . Els nostres professionals acumulen m\u00e9s de 20 anys d&#8217;experi\u00e8ncia en el desenvolupament de projectes, en l&#8217;execuci\u00f3 d&#8217;obres i en la gesti\u00f3 d&#8217;inversions al sector immobiliari i de la construcci\u00f3. Deixi&#8217;s assessorar per un equip expert que&#8230;<\/p>\n","protected":false},"author":2,"featured_media":0,"parent":0,"menu_order":26,"comment_status":"closed","ping_status":"closed","template":"elementor_header_footer","meta":{"_joinchat":[],"footnotes":""},"class_list":["post-10376","page","type-page","status-publish","hentry"],"_links":{"self":[{"href":"https:\/\/www.crestamap.com\/ca\/wp-json\/wp\/v2\/pages\/10376","targetHints":{"allow":["GET"]}}],"collection":[{"href":"https:\/\/www.crestamap.com\/ca\/wp-json\/wp\/v2\/pages"}],"about":[{"href":"https:\/\/www.crestamap.com\/ca\/wp-json\/wp\/v2\/types\/page"}],"author":[{"embeddable":true,"href":"https:\/\/www.crestamap.com\/ca\/wp-json\/wp\/v2\/users\/2"}],"replies":[{"embeddable":true,"href":"https:\/\/www.crestamap.com\/ca\/wp-json\/wp\/v2\/comments?post=10376"}],"version-history":[{"count":1,"href":"https:\/\/www.crestamap.com\/ca\/wp-json\/wp\/v2\/pages\/10376\/revisions"}],"predecessor-version":[{"id":10389,"href":"https:\/\/www.crestamap.com\/ca\/wp-json\/wp\/v2\/pages\/10376\/revisions\/10389"}],"wp:attachment":[{"href":"https:\/\/www.crestamap.com\/ca\/wp-json\/wp\/v2\/media?parent=10376"}],"curies":[{"name":"wp","href":"https:\/\/api.w.org\/{rel}","templated":true}]}}